{"id":52,"date":"2024-11-22T16:04:39","date_gmt":"2024-11-22T15:04:39","guid":{"rendered":"https:\/\/osteodourdan.com\/?page_id=52"},"modified":"2024-11-22T16:18:17","modified_gmt":"2024-11-22T15:18:17","slug":"acupuncture-laser","status":"publish","type":"page","link":"https:\/\/osteodourdan.com\/index.php\/acupuncture-laser\/","title":{"rendered":"Acupuncture Laser"},"content":{"rendered":"\n<p>Traiter avec une m\u00e9decine mill\u00e9naire : alliant traditions et innovation.<\/p>\n\n\n\n<p>La M\u00e9decine Traditionnelle Chinoise (MTC) est fond\u00e9e sur le maintien de l\u2019\u00e9quilibre de l\u2019Energie (Qi) dans le corps. Toute perturbation, qu\u2019elle soit d\u2019origine externe (chaud, froid, humidit\u00e9, vent,\u2026), interne (organique, alimentaire,\u2026) et\/ou \u00e9motionnelle (col\u00e8re, peur, stress,\u2026) a des incidences sur cette circulation et engendre des d\u00e9s\u00e9quilibres, soit par Vide, soit par Pl\u00e9nitude.<\/p>\n\n\n\n<p>L\u2019acupuncture (une des branche de la MTC) va, par le biais de la stimulation de certains points situ\u00e9s sur tout le corps du patient, s\u2019employer \u00e0 r\u00e9\u00e9quilibrer cette circulation \u00e9nerg\u00e9tique et lever les blocages.<\/p>\n\n\n\n<p>Le LLLT (Low Level Light Therapy ou Th\u00e9rapie Laser de Basse Intensit\u00e9) va stimuler la micro-circulation engendrant des effets indirects&nbsp;: anti-inflammatoires, anti-oed\u00e9mateux, antalgiques, immunosuppresseurs, r\u00e9g\u00e9n\u00e9rateurs cellulaires. Le laser de classe 3B provoque peu ou pas de sensations, il est comparable au m\u00e9canisme de photosynth\u00e8se o\u00f9 la lumi\u00e8re absorb\u00e9e exerce des modifications chimiques. L\u2019avantage notable est que l\u2019on n\u2019utilise pas d\u2019aiguilles.<\/p>\n\n\n\n<p>LLLT&nbsp;:&nbsp;Traitement Indolore, sans agression ni stress, aseptique, non invasif, pour les enfants comme pour les adultes.<\/p>\n\n\n\n<p>Att\u00e9nue les douleurs &nbsp;: tendinite, arthrose, \u00e9panchements, fractures, capsulites, lumbago,\u2026<\/p>\n\n\n\n<p>Promeut la r\u00e9g\u00e9n\u00e9ration cellulaire : cicatrices, par\u00e9sies faciales, reconstructions tissulaires, suites d\u2019AVC<\/p>\n\n\n\n<p>R\u00e9duit l\u2019inflammation par : l\u2019augmentation de la r\u00e9ponse immunitaire, de la micro-circulation et de l\u2019activit\u00e9 lymphatique, par la diminution des gonflements (\u0153d\u00e8me et h\u00e9matome), des tailles de zone d\u2019infarctus, des mucites apr\u00e8s chimio et radioth\u00e9rapies<\/p>\n\n\n\n<p><\/p>\n","protected":false},"excerpt":{"rendered":"<p>Traiter avec une m\u00e9decine mill\u00e9naire : alliant traditions et innovation. La M\u00e9decine Traditionnelle Chinoise (MTC) est fond\u00e9e sur le maintien de l\u2019\u00e9quilibre de l\u2019Energie (Qi) dans le corps. Toute perturbation, qu\u2019elle soit d\u2019origine externe (chaud, froid, humidit\u00e9, vent,\u2026), interne (organique, alimentaire,\u2026) et\/ou \u00e9motionnelle (col\u00e8re, peur, stress,\u2026) a des incidences sur cette circulation et engendre des [&hellip;]<\/p>\n","protected":false},"author":1,"featured_media":0,"parent":0,"menu_order":0,"comment_status":"closed","ping_status":"closed","template":"","meta":{"ub_ctt_via":"","footnotes":""},"class_list":["post-52","page","type-page","status-publish","hentry"],"featured_image_src":null,"jetpack_sharing_enabled":true,"_links":{"self":[{"href":"https:\/\/osteodourdan.com\/index.php\/wp-json\/wp\/v2\/pages\/52","targetHints":{"allow":["GET"]}}],"collection":[{"href":"https:\/\/osteodourdan.com\/index.php\/wp-json\/wp\/v2\/pages"}],"about":[{"href":"https:\/\/osteodourdan.com\/index.php\/wp-json\/wp\/v2\/types\/page"}],"author":[{"embeddable":true,"href":"https:\/\/osteodourdan.com\/index.php\/wp-json\/wp\/v2\/users\/1"}],"replies":[{"embeddable":true,"href":"https:\/\/osteodourdan.com\/index.php\/wp-json\/wp\/v2\/comments?post=52"}],"version-history":[{"count":3,"href":"https:\/\/osteodourdan.com\/index.php\/wp-json\/wp\/v2\/pages\/52\/revisions"}],"predecessor-version":[{"id":55,"href":"https:\/\/osteodourdan.com\/index.php\/wp-json\/wp\/v2\/pages\/52\/revisions\/55"}],"wp:attachment":[{"href":"https:\/\/osteodourdan.com\/index.php\/wp-json\/wp\/v2\/media?parent=52"}],"curies":[{"name":"wp","href":"https:\/\/api.w.org\/{rel}","templated":true}]}}