{"id":48,"date":"2024-11-22T16:02:46","date_gmt":"2024-11-22T15:02:46","guid":{"rendered":"https:\/\/osteodourdan.com\/?page_id=48"},"modified":"2024-11-22T16:02:46","modified_gmt":"2024-11-22T15:02:46","slug":"osteopathie-humaine","status":"publish","type":"page","link":"https:\/\/osteodourdan.com\/index.php\/osteopathie-humaine\/","title":{"rendered":"Ost\u00e9opathie Humaine"},"content":{"rendered":"\n<p>L\u2019ost\u00e9opathe est \u00e0 m\u00eame de prendre en charge de nombreuses pathologies ayant une origine m\u00e9canique (lombalgie aigue ou chronique, cervicalgie, troubles de l\u2019articulation temporo-mandibulaire, etc\u2026), musculaire et tendineuse (tendinites, tennis Elbow, etc\u2026), visc\u00e9rales (constipations, diarrh\u00e9es, r\u00e9gurgitations gastro-\u0153sophagiennes, etc\u2026), ainsi que certaines pathologies plus complexes comme par exemple le syndrome du canal carpien impliquant des tissus diff\u00e9rents : un blocage articulaire au niveau du coude et du poignet, des tendinites au niveau des muscles de l\u2019avant-bras et une inflammation des tissus au niveau des nerfs entrainant une compression avec apparition de douleurs et diminution de la force musculaire.<\/p>\n\n\n\n<p>Vous retrouverez dans la section \u00ab pourquoi nous consulter \u00bb une partie des pathologies qui entrent dans notre champ de comp\u00e9tence.<\/p>\n\n\n\n<p>Que l\u2019on soit sportif ou non, adulte ou enfant, une \u00e0 deux s\u00e9ances annuelles permettent d\u2019\u00e9viter l\u2019apparition de troubles fonctionnels.<\/p>\n\n\n\n<p>La prise en charge est diff\u00e9rente selon qu\u2019il s\u2019agit d\u2019un adulte, d\u2019un enfant ou d\u2019un nourrisson. Un interrogatoire sera effectu\u00e9 au d\u00e9but de chaque s\u00e9ance, il nous permettra d\u2019\u00e9tablir un premier bilan afin de savoir si les pathologies rencontr\u00e9es rel\u00e8vent de l\u2019ost\u00e9opathie ou d\u2019une autre discipline (M\u00e9decine g\u00e9n\u00e9rale ou sp\u00e9cialis\u00e9e, Kin\u00e9sith\u00e9rapie, Podologie, etc\u2026)<\/p>\n\n\n\n<p>En r\u00e9alisant un examen clinique et une palpation nous orienterons vers les zones \u00e0 travailler par manipulations structurelles (travail sur les articulations), fonctionnelles (travail sur le syst\u00e8me musculaire et ligamentaire), myofasciales (travail en douceur sur les tissus), visc\u00e9rales (travail de mobilisation des organes) et cr\u00e2niennes (travail sur les diff\u00e9rents tissus du cr\u00e2ne)<\/p>\n\n\n\n<p><\/p>\n","protected":false},"excerpt":{"rendered":"<p>L\u2019ost\u00e9opathe est \u00e0 m\u00eame de prendre en charge de nombreuses pathologies ayant une origine m\u00e9canique (lombalgie aigue ou chronique, cervicalgie, troubles de l\u2019articulation temporo-mandibulaire, etc\u2026), musculaire et tendineuse (tendinites, tennis Elbow, etc\u2026), visc\u00e9rales (constipations, diarrh\u00e9es, r\u00e9gurgitations gastro-\u0153sophagiennes, etc\u2026), ainsi que certaines pathologies plus complexes comme par exemple le syndrome du canal carpien impliquant des tissus [&hellip;]<\/p>\n","protected":false},"author":1,"featured_media":0,"parent":0,"menu_order":0,"comment_status":"closed","ping_status":"closed","template":"","meta":{"ub_ctt_via":"","footnotes":""},"class_list":["post-48","page","type-page","status-publish","hentry"],"featured_image_src":null,"jetpack_sharing_enabled":true,"_links":{"self":[{"href":"https:\/\/osteodourdan.com\/index.php\/wp-json\/wp\/v2\/pages\/48","targetHints":{"allow":["GET"]}}],"collection":[{"href":"https:\/\/osteodourdan.com\/index.php\/wp-json\/wp\/v2\/pages"}],"about":[{"href":"https:\/\/osteodourdan.com\/index.php\/wp-json\/wp\/v2\/types\/page"}],"author":[{"embeddable":true,"href":"https:\/\/osteodourdan.com\/index.php\/wp-json\/wp\/v2\/users\/1"}],"replies":[{"embeddable":true,"href":"https:\/\/osteodourdan.com\/index.php\/wp-json\/wp\/v2\/comments?post=48"}],"version-history":[{"count":1,"href":"https:\/\/osteodourdan.com\/index.php\/wp-json\/wp\/v2\/pages\/48\/revisions"}],"predecessor-version":[{"id":49,"href":"https:\/\/osteodourdan.com\/index.php\/wp-json\/wp\/v2\/pages\/48\/revisions\/49"}],"wp:attachment":[{"href":"https:\/\/osteodourdan.com\/index.php\/wp-json\/wp\/v2\/media?parent=48"}],"curies":[{"name":"wp","href":"https:\/\/api.w.org\/{rel}","templated":true}]}}